{"id":4011,"date":"2016-10-09T23:33:33","date_gmt":"2016-10-09T21:33:33","guid":{"rendered":"http:\/\/firstlinehouses.com\/nl\/?page_id=4011"},"modified":"2016-10-09T23:58:25","modified_gmt":"2016-10-09T21:58:25","slug":"begur","status":"publish","type":"page","link":"https:\/\/firstlinehouses.com\/nl\/costa-brava\/begur\/","title":{"rendered":"Begur"},"content":{"rendered":"<p><a href=\"http:\/\/firstlinehouses.com\/nl\/category\/gebieden\/pals-begur\/\">Bekijk het aanbod onroerend goed in Begur<\/a><\/p>\n<p>Gelegen in het hart van de Empord\u00e0, vormt het dorp van Begur en haar stranden \u00e9\u00e9n van de mooiste plekken van de Costa Brava. De dorpsgrens neemt de indrukwekkende heuvels in van het Begur Massief en de extensieve kustlijn van de Middellandse Zee. Het oude centrum van Begur herbergt\u00a0verschillende monumenten die overgebleven zijn uit\u00a0significante momenten van de geschiedenis van het dorp. Het ligt hoog op de top van de heuvel, terwijl het het omliggende Catalaanse land overziet, en biedt\u00a0haar bezoekers fantastische vergezichten, interessante straten met kinderkopjes en smalle met bomen omzoomde weggetjes om te ontdekken. Het centrale plein is een ideale rustplaats om op een terras te genieten van het Catalaanse\u00a0leven met een glas fantastische lokale wijn, die van druiven uit de omliggende heuvels is gemaakt. Samen met haar acht baaien en kleine stranden, en het Romeinse centrum van het dorp Esclanya is Begur en haar natuurlijke omgeving een onvergetelijke plaats om te bezoeken.<\/p>\n\n\t\t<style type=\"text\/css\">\n\t\t\t#gallery-1 {\n\t\t\t\tmargin: auto;\n\t\t\t}\n\t\t\t#gallery-1 .gallery-item {\n\t\t\t\tfloat: left;\n\t\t\t\tmargin-top: 10px;\n\t\t\t\ttext-align: center;\n\t\t\t\twidth: 25%;\n\t\t\t}\n\t\t\t#gallery-1 img {\n\t\t\t\tborder: 2px solid #cfcfcf;\n\t\t\t}\n\t\t\t#gallery-1 .gallery-caption {\n\t\t\t\tmargin-left: 0;\n\t\t\t}\n\t\t\t\/* see gallery_shortcode() in wp-includes\/media.php *\/\n\t\t<\/style>\n\t\t<div id='gallery-1' class='gallery galleryid-4011 gallery-columns-4 gallery-size-thumbnail'><dl class='gallery-item'>\n\t\t\t<dt class='gallery-icon landscape'>\n\t\t\t\t<a href='https:\/\/firstlinehouses.com\/wp-content\/uploads\/2015\/12\/Begur-pueblo-medes.jpg' rel=\"lightbox[4011]\"><img loading=\"lazy\" decoding=\"async\" width=\"173\" height=\"130\" src=\"https:\/\/firstlinehouses.com\/wp-content\/uploads\/2015\/12\/Begur-pueblo-medes-173x130.jpg\" class=\"attachment-thumbnail size-thumbnail\" alt=\"\" aria-describedby=\"gallery-1-1712\" srcset=\"https:\/\/firstlinehouses.com\/wp-content\/uploads\/2015\/12\/Begur-pueblo-medes-173x130.jpg 173w, https:\/\/firstlinehouses.com\/wp-content\/uploads\/2015\/12\/Begur-pueblo-medes-440x330.jpg 440w, https:\/\/firstlinehouses.com\/wp-content\/uploads\/2015\/12\/Begur-pueblo-medes-920x690.jpg 920w\" sizes=\"(max-width: 173px) 100vw, 173px\" \/><\/a>\n\t\t\t<\/dt>\n\t\t\t\t<dd class='wp-caption-text gallery-caption' id='gallery-1-1712'>\n\t\t\t\tBegur Costa Brava\n\t\t\t\t<\/dd><\/dl><dl class='gallery-item'>\n\t\t\t<dt class='gallery-icon landscape'>\n\t\t\t\t<a href='https:\/\/firstlinehouses.com\/wp-content\/uploads\/2015\/11\/web-view.jpg' rel=\"lightbox[4011]\"><img loading=\"lazy\" decoding=\"async\" width=\"173\" height=\"130\" src=\"https:\/\/firstlinehouses.com\/wp-content\/uploads\/2015\/11\/web-view-173x130.jpg\" class=\"attachment-thumbnail size-thumbnail\" alt=\"\" srcset=\"https:\/\/firstlinehouses.com\/wp-content\/uploads\/2015\/11\/web-view-173x130.jpg 173w, https:\/\/firstlinehouses.com\/wp-content\/uploads\/2015\/11\/web-view-440x330.jpg 440w, https:\/\/firstlinehouses.com\/wp-content\/uploads\/2015\/11\/web-view-920x690.jpg 920w, https:\/\/firstlinehouses.com\/wp-content\/uploads\/2015\/11\/web-view.jpg 1024w\" sizes=\"(max-width: 173px) 100vw, 173px\" \/><\/a>\n\t\t\t<\/dt><\/dl><dl class='gallery-item'>\n\t\t\t<dt class='gallery-icon landscape'>\n\t\t\t\t<a href='https:\/\/firstlinehouses.com\/wp-content\/uploads\/2015\/06\/sea_view_villas.jpg' rel=\"lightbox[4011]\"><img loading=\"lazy\" decoding=\"async\" width=\"195\" height=\"130\" src=\"https:\/\/firstlinehouses.com\/wp-content\/uploads\/2015\/06\/sea_view_villas-195x130.jpg\" class=\"attachment-thumbnail size-thumbnail\" alt=\"\" srcset=\"https:\/\/firstlinehouses.com\/wp-content\/uploads\/2015\/06\/sea_view_villas-195x130.jpg 195w, https:\/\/firstlinehouses.com\/wp-content\/uploads\/2015\/06\/sea_view_villas-440x293.jpg 440w, https:\/\/firstlinehouses.com\/wp-content\/uploads\/2015\/06\/sea_view_villas-1035x690.jpg 1035w\" sizes=\"(max-width: 195px) 100vw, 195px\" \/><\/a>\n\t\t\t<\/dt><\/dl><dl class='gallery-item'>\n\t\t\t<dt class='gallery-icon landscape'>\n\t\t\t\t<a href='https:\/\/firstlinehouses.com\/wp-content\/uploads\/2015\/06\/sa-riera-4.jpg' rel=\"lightbox[4011]\"><img loading=\"lazy\" decoding=\"async\" width=\"195\" height=\"130\" src=\"https:\/\/firstlinehouses.com\/wp-content\/uploads\/2015\/06\/sa-riera-4-195x130.jpg\" class=\"attachment-thumbnail size-thumbnail\" alt=\"\" srcset=\"https:\/\/firstlinehouses.com\/wp-content\/uploads\/2015\/06\/sa-riera-4-195x130.jpg 195w, https:\/\/firstlinehouses.com\/wp-content\/uploads\/2015\/06\/sa-riera-4-440x293.jpg 440w, https:\/\/firstlinehouses.com\/wp-content\/uploads\/2015\/06\/sa-riera-4-1035x690.jpg 1035w\" sizes=\"(max-width: 195px) 100vw, 195px\" \/><\/a>\n\t\t\t<\/dt><\/dl><br style=\"clear: both\" \/><dl class='gallery-item'>\n\t\t\t<dt class='gallery-icon landscape'>\n\t\t\t\t<a href='https:\/\/firstlinehouses.com\/wp-content\/uploads\/2015\/12\/sa-riera-bay-copy.jpg' rel=\"lightbox[4011]\"><img loading=\"lazy\" decoding=\"async\" width=\"195\" height=\"130\" src=\"https:\/\/firstlinehouses.com\/wp-content\/uploads\/2015\/12\/sa-riera-bay-copy-195x130.jpg\" class=\"attachment-thumbnail size-thumbnail\" alt=\"\" aria-describedby=\"gallery-1-1704\" srcset=\"https:\/\/firstlinehouses.com\/wp-content\/uploads\/2015\/12\/sa-riera-bay-copy-195x130.jpg 195w, https:\/\/firstlinehouses.com\/wp-content\/uploads\/2015\/12\/sa-riera-bay-copy-440x293.jpg 440w, https:\/\/firstlinehouses.com\/wp-content\/uploads\/2015\/12\/sa-riera-bay-copy-1035x690.jpg 1035w, https:\/\/firstlinehouses.com\/wp-content\/uploads\/2015\/12\/sa-riera-bay-copy.jpg 2040w\" sizes=\"(max-width: 195px) 100vw, 195px\" \/><\/a>\n\t\t\t<\/dt>\n\t\t\t\t<dd class='wp-caption-text gallery-caption' id='gallery-1-1704'>\n\t\t\t\tSa Riera Begur\n\t\t\t\t<\/dd><\/dl><dl class='gallery-item'>\n\t\t\t<dt class='gallery-icon landscape'>\n\t\t\t\t<a href='https:\/\/firstlinehouses.com\/wp-content\/uploads\/2015\/12\/sa-tuna-2-copy.jpg' rel=\"lightbox[4011]\"><img loading=\"lazy\" decoding=\"async\" width=\"195\" height=\"130\" src=\"https:\/\/firstlinehouses.com\/wp-content\/uploads\/2015\/12\/sa-tuna-2-copy-195x130.jpg\" class=\"attachment-thumbnail size-thumbnail\" alt=\"\" aria-describedby=\"gallery-1-1708\" srcset=\"https:\/\/firstlinehouses.com\/wp-content\/uploads\/2015\/12\/sa-tuna-2-copy-195x130.jpg 195w, https:\/\/firstlinehouses.com\/wp-content\/uploads\/2015\/12\/sa-tuna-2-copy-440x293.jpg 440w, https:\/\/firstlinehouses.com\/wp-content\/uploads\/2015\/12\/sa-tuna-2-copy-1035x690.jpg 1035w, https:\/\/firstlinehouses.com\/wp-content\/uploads\/2015\/12\/sa-tuna-2-copy.jpg 2040w\" sizes=\"(max-width: 195px) 100vw, 195px\" \/><\/a>\n\t\t\t<\/dt>\n\t\t\t\t<dd class='wp-caption-text gallery-caption' id='gallery-1-1708'>\n\t\t\t\tSa Tuna Begur\n\t\t\t\t<\/dd><\/dl><dl class='gallery-item'>\n\t\t\t<dt class='gallery-icon landscape'>\n\t\t\t\t<a href='https:\/\/firstlinehouses.com\/wp-content\/uploads\/2015\/12\/Aiguafreda-view.jpg' rel=\"lightbox[4011]\"><img loading=\"lazy\" decoding=\"async\" width=\"195\" height=\"130\" src=\"https:\/\/firstlinehouses.com\/wp-content\/uploads\/2015\/12\/Aiguafreda-view-195x130.jpg\" class=\"attachment-thumbnail size-thumbnail\" alt=\"\" srcset=\"https:\/\/firstlinehouses.com\/wp-content\/uploads\/2015\/12\/Aiguafreda-view-195x130.jpg 195w, https:\/\/firstlinehouses.com\/wp-content\/uploads\/2015\/12\/Aiguafreda-view-440x293.jpg 440w, https:\/\/firstlinehouses.com\/wp-content\/uploads\/2015\/12\/Aiguafreda-view.jpg 1024w\" sizes=\"(max-width: 195px) 100vw, 195px\" \/><\/a>\n\t\t\t<\/dt><\/dl><dl class='gallery-item'>\n\t\t\t<dt class='gallery-icon landscape'>\n\t\t\t\t<a href='https:\/\/firstlinehouses.com\/wp-content\/uploads\/2015\/12\/aiguagelida-3-copy.jpg' rel=\"lightbox[4011]\"><img loading=\"lazy\" decoding=\"async\" width=\"195\" height=\"130\" src=\"https:\/\/firstlinehouses.com\/wp-content\/uploads\/2015\/12\/aiguagelida-3-copy-195x130.jpg\" class=\"attachment-thumbnail size-thumbnail\" alt=\"\" srcset=\"https:\/\/firstlinehouses.com\/wp-content\/uploads\/2015\/12\/aiguagelida-3-copy-195x130.jpg 195w, https:\/\/firstlinehouses.com\/wp-content\/uploads\/2015\/12\/aiguagelida-3-copy-440x293.jpg 440w, https:\/\/firstlinehouses.com\/wp-content\/uploads\/2015\/12\/aiguagelida-3-copy-1035x690.jpg 1035w, https:\/\/firstlinehouses.com\/wp-content\/uploads\/2015\/12\/aiguagelida-3-copy.jpg 2000w\" sizes=\"(max-width: 195px) 100vw, 195px\" \/><\/a>\n\t\t\t<\/dt><\/dl><br style=\"clear: both\" \/><dl class='gallery-item'>\n\t\t\t<dt class='gallery-icon landscape'>\n\t\t\t\t<a href='https:\/\/firstlinehouses.com\/wp-content\/uploads\/2015\/06\/costa-brava-7.jpg' rel=\"lightbox[4011]\"><img loading=\"lazy\" decoding=\"async\" width=\"173\" height=\"130\" src=\"https:\/\/firstlinehouses.com\/wp-content\/uploads\/2015\/06\/costa-brava-7-173x130.jpg\" class=\"attachment-thumbnail size-thumbnail\" alt=\"\" srcset=\"https:\/\/firstlinehouses.com\/wp-content\/uploads\/2015\/06\/costa-brava-7-173x130.jpg 173w, https:\/\/firstlinehouses.com\/wp-content\/uploads\/2015\/06\/costa-brava-7-440x330.jpg 440w, https:\/\/firstlinehouses.com\/wp-content\/uploads\/2015\/06\/costa-brava-7-920x690.jpg 920w\" sizes=\"(max-width: 173px) 100vw, 173px\" \/><\/a>\n\t\t\t<\/dt><\/dl><dl class='gallery-item'>\n\t\t\t<dt class='gallery-icon landscape'>\n\t\t\t\t<a href='https:\/\/firstlinehouses.com\/wp-content\/uploads\/2015\/06\/costa-brava-5.jpg' rel=\"lightbox[4011]\"><img loading=\"lazy\" decoding=\"async\" width=\"195\" height=\"130\" src=\"https:\/\/firstlinehouses.com\/wp-content\/uploads\/2015\/06\/costa-brava-5-195x130.jpg\" class=\"attachment-thumbnail size-thumbnail\" alt=\"\" srcset=\"https:\/\/firstlinehouses.com\/wp-content\/uploads\/2015\/06\/costa-brava-5-195x130.jpg 195w, https:\/\/firstlinehouses.com\/wp-content\/uploads\/2015\/06\/costa-brava-5-440x293.jpg 440w, https:\/\/firstlinehouses.com\/wp-content\/uploads\/2015\/06\/costa-brava-5-1035x690.jpg 1035w\" sizes=\"(max-width: 195px) 100vw, 195px\" \/><\/a>\n\t\t\t<\/dt><\/dl><dl class='gallery-item'>\n\t\t\t<dt class='gallery-icon landscape'>\n\t\t\t\t<a href='https:\/\/firstlinehouses.com\/wp-content\/uploads\/2015\/06\/costa-brava-6.jpg' rel=\"lightbox[4011]\"><img loading=\"lazy\" decoding=\"async\" width=\"195\" height=\"130\" src=\"https:\/\/firstlinehouses.com\/wp-content\/uploads\/2015\/06\/costa-brava-6-195x130.jpg\" class=\"attachment-thumbnail size-thumbnail\" alt=\"\" srcset=\"https:\/\/firstlinehouses.com\/wp-content\/uploads\/2015\/06\/costa-brava-6-195x130.jpg 195w, https:\/\/firstlinehouses.com\/wp-content\/uploads\/2015\/06\/costa-brava-6-440x293.jpg 440w, https:\/\/firstlinehouses.com\/wp-content\/uploads\/2015\/06\/costa-brava-6-1035x690.jpg 1035w\" sizes=\"(max-width: 195px) 100vw, 195px\" \/><\/a>\n\t\t\t<\/dt><\/dl><dl class='gallery-item'>\n\t\t\t<dt class='gallery-icon landscape'>\n\t\t\t\t<a href='https:\/\/firstlinehouses.com\/wp-content\/uploads\/2015\/11\/aiguablava.jpg' rel=\"lightbox[4011]\"><img loading=\"lazy\" decoding=\"async\" width=\"173\" height=\"130\" src=\"https:\/\/firstlinehouses.com\/wp-content\/uploads\/2015\/11\/aiguablava-173x130.jpg\" class=\"attachment-thumbnail size-thumbnail\" alt=\"Aiguablava\" srcset=\"https:\/\/firstlinehouses.com\/wp-content\/uploads\/2015\/11\/aiguablava-173x130.jpg 173w, https:\/\/firstlinehouses.com\/wp-content\/uploads\/2015\/11\/aiguablava-440x330.jpg 440w, https:\/\/firstlinehouses.com\/wp-content\/uploads\/2015\/11\/aiguablava.jpg 500w\" sizes=\"(max-width: 173px) 100vw, 173px\" \/><\/a>\n\t\t\t<\/dt><\/dl><br style=\"clear: both\" \/><dl class='gallery-item'>\n\t\t\t<dt class='gallery-icon landscape'>\n\t\t\t\t<a href='https:\/\/firstlinehouses.com\/wp-content\/uploads\/2015\/11\/fornells.jpeg' rel=\"lightbox[4011]\"><img loading=\"lazy\" decoding=\"async\" width=\"196\" height=\"130\" src=\"https:\/\/firstlinehouses.com\/wp-content\/uploads\/2015\/11\/fornells-196x130.jpeg\" class=\"attachment-thumbnail size-thumbnail\" alt=\"\" aria-describedby=\"gallery-1-1389\" srcset=\"https:\/\/firstlinehouses.com\/wp-content\/uploads\/2015\/11\/fornells-196x130.jpeg 196w, https:\/\/firstlinehouses.com\/wp-content\/uploads\/2015\/11\/fornells-440x292.jpeg 440w, https:\/\/firstlinehouses.com\/wp-content\/uploads\/2015\/11\/fornells.jpeg 980w\" sizes=\"(max-width: 196px) 100vw, 196px\" \/><\/a>\n\t\t\t<\/dt>\n\t\t\t\t<dd class='wp-caption-text gallery-caption' id='gallery-1-1389'>\n\t\t\t\tFornells Begur\n\t\t\t\t<\/dd><\/dl><dl class='gallery-item'>\n\t\t\t<dt class='gallery-icon landscape'>\n\t\t\t\t<a href='https:\/\/firstlinehouses.com\/wp-content\/uploads\/2015\/06\/Fornells-tramontana.jpg' rel=\"lightbox[4011]\"><img loading=\"lazy\" decoding=\"async\" width=\"195\" height=\"130\" src=\"https:\/\/firstlinehouses.com\/wp-content\/uploads\/2015\/06\/Fornells-tramontana-195x130.jpg\" class=\"attachment-thumbnail size-thumbnail\" alt=\"\" srcset=\"https:\/\/firstlinehouses.com\/wp-content\/uploads\/2015\/06\/Fornells-tramontana-195x130.jpg 195w, https:\/\/firstlinehouses.com\/wp-content\/uploads\/2015\/06\/Fornells-tramontana-440x293.jpg 440w, https:\/\/firstlinehouses.com\/wp-content\/uploads\/2015\/06\/Fornells-tramontana-1035x690.jpg 1035w\" sizes=\"(max-width: 195px) 100vw, 195px\" \/><\/a>\n\t\t\t<\/dt><\/dl><dl class='gallery-item'>\n\t\t\t<dt class='gallery-icon landscape'>\n\t\t\t\t<a href='https:\/\/firstlinehouses.com\/wp-content\/uploads\/2015\/11\/PB162441.jpg' rel=\"lightbox[4011]\"><img loading=\"lazy\" decoding=\"async\" width=\"210\" height=\"118\" src=\"https:\/\/firstlinehouses.com\/wp-content\/uploads\/2015\/11\/PB162441-210x118.jpg\" class=\"attachment-thumbnail size-thumbnail\" alt=\"Aiguablava kavel te koop\" aria-describedby=\"gallery-1-739\" srcset=\"https:\/\/firstlinehouses.com\/wp-content\/uploads\/2015\/11\/PB162441-210x118.jpg 210w, https:\/\/firstlinehouses.com\/wp-content\/uploads\/2015\/11\/PB162441-440x248.jpg 440w, https:\/\/firstlinehouses.com\/wp-content\/uploads\/2015\/11\/PB162441-1227x690.jpg 1227w, https:\/\/firstlinehouses.com\/wp-content\/uploads\/2015\/11\/PB162441.jpg 2000w\" sizes=\"(max-width: 210px) 100vw, 210px\" \/><\/a>\n\t\t\t<\/dt>\n\t\t\t\t<dd class='wp-caption-text gallery-caption' id='gallery-1-739'>\n\t\t\t\tAiguablava kavel te koop\n\t\t\t\t<\/dd><\/dl>\n\t\t\t<br style='clear: both' \/>\n\t\t<\/div>\n\n","protected":false},"excerpt":{"rendered":"<p>Bekijk het aanbod onroerend goed in Begur Gelegen in het hart van de Empord\u00e0, vormt het dorp van Begur en haar stranden \u00e9\u00e9n van de mooiste plekken van de Costa Brava. De dorpsgrens neemt de indrukwekkende heuvels in van het Begur Massief en de extensieve kustlijn van de Middellandse Zee. Het oude centrum van Begur &#8230; <a class=\"read-more\" href=\"https:\/\/firstlinehouses.com\/nl\/costa-brava\/begur\/\">Lees meer<\/a><\/p>\n","protected":false},"author":2,"featured_media":1712,"parent":174,"menu_order":0,"comment_status":"closed","ping_status":"closed","template":"","meta":{"footnotes":""},"_links":{"self":[{"href":"https:\/\/firstlinehouses.com\/nl\/wp-json\/wp\/v2\/pages\/4011"}],"collection":[{"href":"https:\/\/firstlinehouses.com\/nl\/wp-json\/wp\/v2\/pages"}],"about":[{"href":"https:\/\/firstlinehouses.com\/nl\/wp-json\/wp\/v2\/types\/page"}],"author":[{"embeddable":true,"href":"https:\/\/firstlinehouses.com\/nl\/wp-json\/wp\/v2\/users\/2"}],"replies":[{"embeddable":true,"href":"https:\/\/firstlinehouses.com\/nl\/wp-json\/wp\/v2\/comments?post=4011"}],"version-history":[{"count":2,"href":"https:\/\/firstlinehouses.com\/nl\/wp-json\/wp\/v2\/pages\/4011\/revisions"}],"predecessor-version":[{"id":4022,"href":"https:\/\/firstlinehouses.com\/nl\/wp-json\/wp\/v2\/pages\/4011\/revisions\/4022"}],"up":[{"embeddable":true,"href":"https:\/\/firstlinehouses.com\/nl\/wp-json\/wp\/v2\/pages\/174"}],"wp:featuredmedia":[{"embeddable":true,"href":"https:\/\/firstlinehouses.com\/nl\/wp-json\/wp\/v2\/media\/1712"}],"wp:attachment":[{"href":"https:\/\/firstlinehouses.com\/nl\/wp-json\/wp\/v2\/media?parent=4011"}],"curies":[{"name":"wp","href":"https:\/\/api.w.org\/{rel}","templated":true}]}}